{"id":9,"date":"2019-10-11T13:48:02","date_gmt":"2019-10-11T13:48:02","guid":{"rendered":"http:\/\/saci.biggy.hu\/?page_id=9"},"modified":"2025-04-15T06:22:43","modified_gmt":"2025-04-15T06:22:43","slug":"rolam","status":"publish","type":"page","link":"https:\/\/lotuszegeszseg.com\/en\/rolam\/","title":{"rendered":"Introduction"},"content":{"rendered":"\n<p>Welcome to my homepage!<\/p>\n\n\n\n<p>My name is Sarolta M\u00e1rton and I am graduated Economist, later qualified Reflexologist, Naturopath, Quex-S Quantum Biofeedback Therapyst and Astrologer.<\/p>\n\n\n\n<p>I have been interested in natural healing and the unity of body &#038; soul for ages, so after many years spent in the office I decided to quit business work and study natural healing at Eg\u00e9szs\u00e9g\u00fcgyi Szakk\u00e9pz\u0151 \u00e9s Tov\u00e1bbk\u00e9pz\u0151 Int\u00e9zet in Budapest (ETI) , qualified as Reflexologist, having Dr Csikai Erzs\u00e9bet my master. After few years I sudied Quantum Biofeedback Therapy. Later I studied at Jen\u0151 Kalo\u2019s Astrology School for 6 years, having the final exam and Medical Astrology as my favorite subject. I&#8217;m expanding my knowledge day by day to be able to help in well-being &#038; recovery of people turning to me.<\/p>\n\n\n\n<p>I consider important natural healing &#038; prevention. The key of our health is based on the harmony of our body, mind &#038; soul. This holistic approach helps me to discover the emotional or mental background of problems, as every human being is a unity of body, mind &#038; soul, and these should be examined together.<\/p>\n\n\n\n<figure class=\"wp-block-image size-large is-resized\"><a href=\"https:\/\/lotuszegeszseg.com\/wp-content\/uploads\/2020\/05\/Marton-Sarolta-oklevel.png\"><img loading=\"lazy\" decoding=\"async\" width=\"650\" height=\"1024\" src=\"https:\/\/lotuszegeszseg.com\/wp-content\/uploads\/2020\/05\/Marton-Sarolta-oklevel-650x1024.png\" alt=\"Marton-Sarolta-oklevel\" class=\"wp-image-447\" style=\"width:163px;height:256px\" srcset=\"https:\/\/lotuszegeszseg.com\/wp-content\/uploads\/2020\/05\/Marton-Sarolta-oklevel-650x1024.png 650w, https:\/\/lotuszegeszseg.com\/wp-content\/uploads\/2020\/05\/Marton-Sarolta-oklevel-190x300.png 190w, https:\/\/lotuszegeszseg.com\/wp-content\/uploads\/2020\/05\/Marton-Sarolta-oklevel-768x1210.png 768w, https:\/\/lotuszegeszseg.com\/wp-content\/uploads\/2020\/05\/Marton-Sarolta-oklevel-975x1536.png 975w, https:\/\/lotuszegeszseg.com\/wp-content\/uploads\/2020\/05\/Marton-Sarolta-oklevel.png 1000w\" sizes=\"auto, (max-width: 650px) 100vw, 650px\" \/><\/a><figcaption class=\"wp-element-caption\">Marton-Sarolta-oklevel<\/figcaption><\/figure>\n","protected":false},"excerpt":{"rendered":"<p>Welcome to my homepage! My name is Sarolta M\u00e1rton and I am graduated Economist, later qualified Reflexologist, Naturopath, Quex-S Quantum Biofeedback Therapyst and Astrologer. I have been interested in natural healing and the unity of body &#038; soul for ages, so after many years spent in the office I decided to quit business work and &hellip; <\/p>\n<p class=\"link-more\"><a href=\"https:\/\/lotuszegeszseg.com\/en\/rolam\/\" class=\"more-link\">Continue reading<span class=\"screen-reader-text\"> &#8220;Introduction&#8221;<\/span><\/a><\/p>\n","protected":false},"author":1,"featured_media":0,"parent":0,"menu_order":0,"comment_status":"closed","ping_status":"closed","template":"","meta":{"footnotes":""},"class_list":["post-9","page","type-page","status-publish","hentry"],"_links":{"self":[{"href":"https:\/\/lotuszegeszseg.com\/en\/wp-json\/wp\/v2\/pages\/9","targetHints":{"allow":["GET"]}}],"collection":[{"href":"https:\/\/lotuszegeszseg.com\/en\/wp-json\/wp\/v2\/pages"}],"about":[{"href":"https:\/\/lotuszegeszseg.com\/en\/wp-json\/wp\/v2\/types\/page"}],"author":[{"embeddable":true,"href":"https:\/\/lotuszegeszseg.com\/en\/wp-json\/wp\/v2\/users\/1"}],"replies":[{"embeddable":true,"href":"https:\/\/lotuszegeszseg.com\/en\/wp-json\/wp\/v2\/comments?post=9"}],"version-history":[{"count":15,"href":"https:\/\/lotuszegeszseg.com\/en\/wp-json\/wp\/v2\/pages\/9\/revisions"}],"predecessor-version":[{"id":790,"href":"https:\/\/lotuszegeszseg.com\/en\/wp-json\/wp\/v2\/pages\/9\/revisions\/790"}],"wp:attachment":[{"href":"https:\/\/lotuszegeszseg.com\/en\/wp-json\/wp\/v2\/media?parent=9"}],"curies":[{"name":"wp","href":"https:\/\/api.w.org\/{rel}","templated":true}]}}